{"id":59,"date":"2013-01-06T14:08:13","date_gmt":"2013-01-06T13:08:13","guid":{"rendered":"http:\/\/wasserschach.de\/?page_id=59"},"modified":"2026-03-16T20:35:16","modified_gmt":"2026-03-16T19:35:16","slug":"regatta-und-trainingskalender","status":"publish","type":"page","link":"https:\/\/wasserschach.de\/?page_id=59","title":{"rendered":"Regatta- und Trainingskalender 2026"},"content":{"rendered":"\n<div class=\"wp-block-group\"><div class=\"wp-block-group__inner-container is-layout-constrained wp-block-group-is-layout-constrained\">\n<div class=\"wp-block-group\"><div class=\"wp-block-group__inner-container is-layout-constrained wp-block-group-is-layout-constrained\">\n<div class=\"wp-block-group\"><div class=\"wp-block-group__inner-container is-layout-constrained wp-block-group-is-layout-constrained\">\n<p>Regatten der Formula16 finden als eher gem\u00fctliche Clubveranstaltungen von -wir segeln gemeinsam um Tonnen und freuen uns auf das Bier und den Grill- bis zu semiprofessionellen Events wie Europeans oder Worlds statt. Daneben werden entweder als And-on oder separat Trainingsveranstaltungen in \u00e4hnlicher Bandbreite angeboten. So treffen sich z.B. in der Woche vor Pfingsten regelm\u00e4ssig einige F16 Boote in Domaso am Comer See zum gemeinsamen Segeln, -gerne auch mit einer \u00dcbungstonne- aber auch zur gemeinsamen Biketour, wenn der Wind nicht passt. Andernorts werden Trainer engagiert, die ausschliesslich regattaoptimiert segeln lassen. <\/p>\n<\/div><\/div>\n<\/div><\/div>\n<\/div><\/div>\n\n\n\n<div class=\"wp-block-group\"><div class=\"wp-block-group__inner-container is-layout-constrained wp-block-group-is-layout-constrained\">\n<p>Hier ist eine Auflistung von interessanten Veranstaltung im Jahr 2026 ohne Gew\u00e4hr der Vollst\u00e4ndigkeit. In Deutschland kann man via manage2sail auch einen Filter setzen und sollte \u00fcber den Weg f\u00fcndig werden. Etliche Vereine schreiben zudem nicht mehr einzelne Klassen aus, sondern gestalten die Regatten als offenen Veranstaltung mit einer eigenen Wertung ab einer bestimmten Anzahl gestarteter Boote. <\/p>\n<\/div><\/div>\n\n\n\n<div class=\"wp-block-columns is-layout-flex wp-container-core-columns-is-layout-9d6595d7 wp-block-columns-is-layout-flex\">\n<div class=\"wp-block-column is-layout-flow wp-block-column-is-layout-flow\" style=\"flex-basis:100%\"><\/div>\n<\/div>\n\n\n\n<div class=\"wp-block-columns is-layout-flex wp-container-core-columns-is-layout-9d6595d7 wp-block-columns-is-layout-flex\">\n<div class=\"wp-block-column is-layout-flow wp-block-column-is-layout-flow\" style=\"flex-basis:100%\">\n<figure class=\"wp-block-table alignleft\"><table><tbody><tr><td><strong>Wann<\/strong><\/td><td class=\"has-text-align-left\" data-align=\"left\"><strong>Was<\/strong><\/td><td><strong>Wo<\/strong><\/td><td><\/td><td><strong>Club<\/strong><\/td><td><\/td><td><\/td><\/tr><tr><td>28.2. &#8211; 1.3.<\/td><td class=\"has-text-align-left\" data-align=\"left\">South Catamaran Championship<\/td><td>Cannes, FRA<\/td><td><\/td><td><\/td><td><\/td><td><\/td><\/tr><tr><td>28.3. &#8211; 29.3.<\/td><td class=\"has-text-align-left\" data-align=\"left\">South Catamaran Championship#2<\/td><td>Bormes, FRA<\/td><td><\/td><td><\/td><td><\/td><td><\/td><\/tr><tr><td>14.4 &#8211; 18.4.<\/td><td class=\"has-text-align-left\" data-align=\"left\">F16 Training Camp<\/td><td>Sanguinet, FRA<\/td><td><\/td><td><\/td><td><\/td><td><\/td><\/tr><tr><td>25.4 &#8211; 26.4<\/td><td class=\"has-text-align-left\" data-align=\"left\">Raid de Oiseaux<\/td><td>Cap Ferret, FRA<\/td><td><\/td><td><\/td><td><\/td><td><\/td><\/tr><tr><td>1.5. &#8211; 3-5<\/td><td class=\"has-text-align-left\" data-align=\"left\">Cata Sud-Ouest<\/td><td>Carcans, FRA<\/td><td><\/td><td><\/td><td><\/td><td><\/td><\/tr><tr><td>1.5. &#8211; 3.5.<\/td><td class=\"has-text-align-left\" data-align=\"left\">Eurocat<\/td><td>Carnac, FRA<\/td><td><\/td><td><\/td><td><\/td><td><\/td><\/tr><tr><td>1.5. &#8211; 3.5.<\/td><td class=\"has-text-align-left\" data-align=\"left\">Ronde Medemblik<\/td><td>Besteller, NED<\/td><td><\/td><td><\/td><td><\/td><td><\/td><\/tr><tr><td>5.5. &#8211; 22.5<\/td><td class=\"has-text-align-left\" data-align=\"left\">Segeltreff<\/td><td>Domaso, ITA<\/td><td><\/td><td>F16<\/td><td><\/td><td><\/td><\/tr><tr><td>23.5. &#8211; 25.5. <\/td><td class=\"has-text-align-left\" data-align=\"left\">Ostseepokal<\/td><td>Scharbeutz, GER<\/td><td><\/td><td>YCSO<\/td><td><\/td><td><\/td><\/tr><tr><td>6.6<\/td><td class=\"has-text-align-left\" data-align=\"left\">Ronde Texel<\/td><td>Texel, NED<\/td><td><\/td><td><\/td><td><\/td><td><\/td><\/tr><tr><td>20.6 &#8211; 21-6. <\/td><td class=\"has-text-align-left\" data-align=\"left\">Bries Open<\/td><td>Nordwijk, NED<\/td><td><\/td><td><\/td><td><\/td><td><\/td><\/tr><tr><td>21.6.<\/td><td class=\"has-text-align-left\" data-align=\"left\">Um die Wurst<\/td><td>Eching, Ammersee<\/td><td><\/td><td>ESC<\/td><td><\/td><td><\/td><\/tr><tr><td>27.6 &#8211; 28.6<\/td><td class=\"has-text-align-left\" data-align=\"left\">Um&#8217;s Walchenfass<\/td><td>Walchensee, GER<\/td><td><\/td><td>SFW<\/td><td><\/td><td><\/td><\/tr><tr><td>5.7. &#8211; 26.7<\/td><td class=\"has-text-align-left\" data-align=\"left\">Syndicat<\/td><td>Diessen, Ammersee<\/td><td><\/td><td>DSC<\/td><td><\/td><td><\/td><\/tr><tr><td>26.7 &#8211; 30.7.<\/td><td class=\"has-text-align-left\" data-align=\"left\">F16 Worlds<\/td><td>Sanguinet, GER<\/td><td><\/td><td><\/td><td><\/td><td><\/td><\/tr><tr><td>8.8.<\/td><td class=\"has-text-align-left\" data-align=\"left\">Ernst- Hans Regatta<\/td><td>Inning, Ammersee<\/td><td><\/td><td>SCIA<\/td><td><\/td><td><\/td><\/tr><tr><td>15.8 &#8211; 16.8<\/td><td class=\"has-text-align-left\" data-align=\"left\">F16 Eurocup Nr. 2<\/td><td>Belgien<\/td><td><\/td><td><\/td><td><\/td><td><\/td><\/tr><tr><td>15.8. &#8211; 16.8<\/td><td class=\"has-text-align-left\" data-align=\"left\">Bol d&#8217;Or Lac de Joux<\/td><td>Schweiz<\/td><td><\/td><td><\/td><td><\/td><td><\/td><\/tr><tr><td>5.9. &#8211; 6.9.<\/td><td class=\"has-text-align-left\" data-align=\"left\">R<\/td><td>Genf, SUI<\/td><td><\/td><td><\/td><td><\/td><td><\/td><\/tr><tr><td>5.9. &#8211; 6.9.<\/td><td class=\"has-text-align-left\" data-align=\"left\">Jazz &amp; Sail<\/td><td>Bergen, NED<\/td><td><\/td><td><\/td><td><\/td><td><\/td><\/tr><tr><td>18.9 &#8211; 20.9. <\/td><td class=\"has-text-align-left\" data-align=\"left\">Duc d&#8217;Albe<\/td><td>Hy\u00e8res, FRA<\/td><td><\/td><td><\/td><td><\/td><td><\/td><\/tr><tr><td>19.9 &#8211; 20.9.<\/td><td class=\"has-text-align-left\" data-align=\"left\">Wiesnregatta<\/td><td>Inning, Ammersee<\/td><td><\/td><td>SCIA<\/td><td><\/td><td><\/td><\/tr><tr><td>25.9. &#8211; 27.9.<\/td><td class=\"has-text-align-left\" data-align=\"left\">Eurocup F16 Nr.4<\/td><td>Niederlande<\/td><td><\/td><td>Hellecat<\/td><td><\/td><td><\/td><\/tr><tr><td>3.10 &#8211; 4.10 <\/td><td class=\"has-text-align-left\" data-align=\"left\">Coupe de Verganges<\/td><td>Carcan, FRA<\/td><td><\/td><td><\/td><td><\/td><td><\/td><\/tr><tr><td>10.10. &#8211; 11.10<\/td><td class=\"has-text-align-left\" data-align=\"left\">RondeTiengemeten<\/td><td>Hellevortsluis, NED<\/td><td><\/td><td><\/td><td><\/td><td><\/td><\/tr><tr><td>7.11 &#8211; 8.11<\/td><td class=\"has-text-align-left\" data-align=\"left\">Armistice Grand Prix<\/td><td>Bordeaux, FRA<\/td><td><\/td><td><\/td><td><\/td><td><\/td><\/tr><tr><td>5.12 &#8211; 6.12<\/td><td class=\"has-text-align-left\" data-align=\"left\">Christmas Cup<\/td><td>La Grand Motte, FRA<\/td><td><\/td><td><\/td><td><\/td><td><\/td><\/tr><\/tbody><\/table><\/figure>\n<\/div>\n<\/div>\n\n\n\n<p><\/p>\n\n\n\n<p>Alle Regatten ausserhalb der Rangliste, aber mit einer eigenen F16-Wertung, d.h. mit mindestens 5 F16-Booten, werden mit dem Faktor 1.1 zur Rangliste gewertet. Die Teilnahme an ausl\u00e4ndischen F16-Meisterschaften wird mit Faktor 1.2 verrechnet.<\/p>\n\n\n\n<p><strong><span style=\"color: #ff0000;\">NEU! <\/span><\/strong>Wir wollen die Teilnahme von F16 Booten an Regatten prinzipiell f\u00f6rdern. <strong> Deswegen wird f\u00fcr offene Regatten nach Texel oder SCHRS eine Anrechnung der Gesamtplatzierung zur F16-Rangliste mit dem Faktor 1.0 erfolgen!<\/strong> Schickt uns einfach die Ergebnisse (Foto Ergebnisliste!).<\/p>\n","protected":false},"excerpt":{"rendered":"<p>Regatten der Formula16 finden als eher gem\u00fctliche Clubveranstaltungen von -wir segeln gemeinsam um Tonnen und freuen uns auf das Bier und den Grill- bis zu semiprofessionellen Events wie Europeans oder Worlds statt. Daneben werden entweder als And-on oder separat Trainingsveranstaltungen &hellip; <a href=\"https:\/\/wasserschach.de\/?page_id=59\">Weiterlesen <span class=\"meta-nav\">&rarr;<\/span><\/a><\/p>\n","protected":false},"author":94,"featured_media":0,"parent":0,"menu_order":0,"comment_status":"closed","ping_status":"closed","template":"","meta":{"footnotes":""},"class_list":["post-59","page","type-page","status-publish","hentry"],"jetpack_sharing_enabled":true,"jetpack_shortlink":"https:\/\/wp.me\/P4dRKc-X","jetpack_likes_enabled":true,"jetpack-related-posts":[],"_links":{"self":[{"href":"https:\/\/wasserschach.de\/index.php?rest_route=\/wp\/v2\/pages\/59","targetHints":{"allow":["GET"]}}],"collection":[{"href":"https:\/\/wasserschach.de\/index.php?rest_route=\/wp\/v2\/pages"}],"about":[{"href":"https:\/\/wasserschach.de\/index.php?rest_route=\/wp\/v2\/types\/page"}],"author":[{"embeddable":true,"href":"https:\/\/wasserschach.de\/index.php?rest_route=\/wp\/v2\/users\/94"}],"replies":[{"embeddable":true,"href":"https:\/\/wasserschach.de\/index.php?rest_route=%2Fwp%2Fv2%2Fcomments&post=59"}],"version-history":[{"count":161,"href":"https:\/\/wasserschach.de\/index.php?rest_route=\/wp\/v2\/pages\/59\/revisions"}],"predecessor-version":[{"id":1917,"href":"https:\/\/wasserschach.de\/index.php?rest_route=\/wp\/v2\/pages\/59\/revisions\/1917"}],"wp:attachment":[{"href":"https:\/\/wasserschach.de\/index.php?rest_route=%2Fwp%2Fv2%2Fmedia&parent=59"}],"curies":[{"name":"wp","href":"https:\/\/api.w.org\/{rel}","templated":true}]}}