{"id":49,"date":"2013-01-06T13:00:29","date_gmt":"2013-01-06T13:00:29","guid":{"rendered":"http:\/\/wasserschach.de\/?page_id=49"},"modified":"2014-01-27T10:44:57","modified_gmt":"2014-01-27T09:44:57","slug":"bootsschein","status":"publish","type":"page","link":"https:\/\/wasserschach.de\/?page_id=49","title":{"rendered":"Bootsschein"},"content":{"rendered":"<h2>Der internationale Bootsschein: wer ihn hat, ist fein raus!<\/h2>\n<p>In Gegensatz zum Automobil herrscht bekanntlich f\u00fcr F16-Katamarane keine Zulassungs- oder Versicherungspflicht. Daher beschr\u00e4nkt sich der Eigentums- und Tauglichkeitsnachweis meistens auf die Rechnung des Verk\u00e4ufers \u2013 sofern noch vorhanden \u2013 und bei neueren Booten ab 2009 auf die CE- Konformit\u00e4tserkl\u00e4rung, die irgendwo im Papierstapel daheim vor sich hind\u00e4mmert. Ach ja, ein Messbrief liegt vielleicht auch noch irgendwo herum. Die M\u00f6glichkeiten, sich durch die mangelnde Dokumentation Probleme einzuhandeln, sind durchaus nicht nur auf Regatten beschr\u00e4nkt. Sobald z.B. das bevorzugte Segelrevier eine Wasserstra\u00dfe darstellt, herrscht i.A. Zulassungspflicht. Segler auf Revieren wie dem Bodensee k\u00f6nnen ein Lied davon singen. Es soll auch verst\u00e4rkt vorkommen, dass die Regattateilnahme im Ausland platzt, weil bei einer zuf\u00e4lligen Grenzkontrolle der verdatterte Bootseigner keinen amtlichen Eigentumsnachweis vorlegen kann. Und wenn das wertvolle St\u00fcck im Ausland mal geklaut wird, fragen Versicherungen und Beh\u00f6rden auch schon mal detaillierter nach.<br \/>\nDabei l\u00e4sst sich mit wenig Aufwand und einer Geb\u00fchr von maximal 25,- Euro ein internationaler Bootsschein des DSV beschaffen, der (fast) alle Probleme l\u00f6st. Er fungiert als Eigentumsnachweis, die Nummer des Bootsscheins l\u00e4sst sich in Deutschland als Kennzeichen auf Wasserstra\u00dfen verwenden und da er nur bei Vorliegen eines CE Zeichens ausgestellt wird, akzeptieren ihn die Beh\u00f6rden auch als Tauglichkeitserkl\u00e4rung. Der IBS kann mit dem beim Deutschen Segler-Verband, Gr\u00fcndgensstra\u00dfe 18, 22309 Hamburg beantragt werden. Beizuf\u00fcgen sind:<\/p>\n<ul>\n<li>Antrag auf Ausstellung eines Internationalen Bootsscheines<\/li>\n<li>Nachweis zur Glaubhaftmachung des Eigentums ( Kaufvertrag, Rechnung)<\/li>\n<li>Best\u00e4tigung des Vereines, EU- Konformit\u00e4tserkl\u00e4rung oder eine entsprechende Best\u00e4tigung<\/li>\n<li>Messbrief sowie eine Kopie des Personalausweises<\/li>\n<\/ul>\n<p>Der Internationale Bootsschein f\u00fcr Wassersportfahrzeuge (IBS) ist ein weltweit anerkanntes Bootsdokument\u00a0<a href=\"https:\/\/wasserschach.de\/wp-content\/uploads\/2014\/01\/BootsscheinGER222.pdf\" target=\"IBS\">(Hier gibt es ein Beispiel wie er aussieht)<\/a>\u00a0.Die Registrierung im DSV erfolgt auch f\u00fcr Wassersportler, die nicht Mitglied in einem DSV-Verein sind. Allerdings wird in diesem Falle die Bearbeitungsgeb\u00fchr um Euro 5,00 erh\u00f6ht. Mit der Ausstellung des eines Dritten, bei neu vermessenen Booten Vermessungsblatt oder Internationalen Bootsscheines erh\u00e4lt jedes Boot eine DSV-Nummer. Diese Nummer besteht aus 1-3 Buchstaben sowie maximal 5 Zahlen. Die G\u00fcltigkeit des Internationalen Bootsscheines, wenn er f\u00fcr den grenz\u00fcberschreitenden Verkehr genutzt wird, betr\u00e4gt 2 Jahre. Danach muss der Schein erneuert werden. Als Kennzeichenausweis f\u00fcr das Befahren der Binnenschifffahrtstra\u00dfen muss er erst dann erneuert werden, wenn sich darin enthaltene Daten \u00e4ndern. Die Kosten f\u00fcr den Internationalen Bootsschein betragen zurzeit Euro 20,00 f\u00fcr Mitglieder eines DSV-Vereines und Euro 25,00 f\u00fcr Nichtmitglieder. Die Bezahlung erfolgt per Einzugserm\u00e4chtigung.<\/p>\n<p>Den Antrag auf Erteilung sowie einen Bootsschein findet Ihr auf\u00a0<a href=\"https:\/\/wasserschach.de\/wp-content\/uploads\/2014\/01\/IBS-Antrag-01-2012.pdf\" target=\"IBS\">HIER<\/a>\u00a0unserer F16 Homepage, bei der evtl. erforderlichen Vermessung sind wir ebenfalls gerne behilflich.<\/p>\n","protected":false},"excerpt":{"rendered":"<p>Der internationale Bootsschein: wer ihn hat, ist fein raus! In Gegensatz zum Automobil herrscht bekanntlich f\u00fcr F16-Katamarane keine Zulassungs- oder Versicherungspflicht. Daher beschr\u00e4nkt sich der Eigentums- und Tauglichkeitsnachweis meistens auf die Rechnung des Verk\u00e4ufers \u2013 sofern noch vorhanden \u2013 und &hellip; <a href=\"https:\/\/wasserschach.de\/?page_id=49\">Weiterlesen <span class=\"meta-nav\">&rarr;<\/span><\/a><\/p>\n","protected":false},"author":94,"featured_media":0,"parent":0,"menu_order":0,"comment_status":"open","ping_status":"closed","template":"","meta":{"footnotes":""},"class_list":["post-49","page","type-page","status-publish","hentry"],"jetpack_sharing_enabled":true,"jetpack_shortlink":"https:\/\/wp.me\/P4dRKc-N","jetpack_likes_enabled":true,"jetpack-related-posts":[],"_links":{"self":[{"href":"https:\/\/wasserschach.de\/index.php?rest_route=\/wp\/v2\/pages\/49","targetHints":{"allow":["GET"]}}],"collection":[{"href":"https:\/\/wasserschach.de\/index.php?rest_route=\/wp\/v2\/pages"}],"about":[{"href":"https:\/\/wasserschach.de\/index.php?rest_route=\/wp\/v2\/types\/page"}],"author":[{"embeddable":true,"href":"https:\/\/wasserschach.de\/index.php?rest_route=\/wp\/v2\/users\/94"}],"replies":[{"embeddable":true,"href":"https:\/\/wasserschach.de\/index.php?rest_route=%2Fwp%2Fv2%2Fcomments&post=49"}],"version-history":[{"count":7,"href":"https:\/\/wasserschach.de\/index.php?rest_route=\/wp\/v2\/pages\/49\/revisions"}],"predecessor-version":[{"id":731,"href":"https:\/\/wasserschach.de\/index.php?rest_route=\/wp\/v2\/pages\/49\/revisions\/731"}],"wp:attachment":[{"href":"https:\/\/wasserschach.de\/index.php?rest_route=%2Fwp%2Fv2%2Fmedia&parent=49"}],"curies":[{"name":"wp","href":"https:\/\/api.w.org\/{rel}","templated":true}]}}