{"id":1190,"date":"2017-01-02T20:14:52","date_gmt":"2017-01-02T19:14:52","guid":{"rendered":"http:\/\/wasserschach.de\/?page_id=1190"},"modified":"2017-01-02T20:36:43","modified_gmt":"2017-01-02T19:36:43","slug":"kalender-ergebniss-2016","status":"publish","type":"page","link":"https:\/\/wasserschach.de\/?page_id=1190","title":{"rendered":"Kalender &#038; Ergebniss 2016"},"content":{"rendered":"<p>letzte Aktualisierung: 13.02.2016<\/p>\n<p align=\"center\"><strong>Deutsche F16 Rangliste<\/strong><\/p>\n<table border=\"1\">\n<tbody>\n<tr>\n<td bgcolor=\"#FF0000\"><strong>Datum<\/strong><\/td>\n<td bgcolor=\"#FF0000\"><strong>Typ<\/strong><\/td>\n<td bgcolor=\"#FF0000\"><strong>Faktor<\/strong><\/td>\n<td bgcolor=\"#FF0000\"><strong>Name<\/strong><\/td>\n<td bgcolor=\"#FF0000\"><strong>Ort<\/strong><\/td>\n<td bgcolor=\"#FF0000\"><strong>Link<\/strong><\/td>\n<td bgcolor=\"#FF0000\"><strong>Ergebnisse<\/strong><\/td>\n<\/tr>\n<tr>\n<td>07.05. &#8211; 08.05.2016<\/td>\n<td>F16 RR<\/td>\n<td>1.2<\/td>\n<td>F18\/F16 Cat-Pokal<\/td>\n<td>Starnberger See<\/td>\n<td><a href=\"http:\/\/www.myc.de\/regatten\/\" target=\"_blank\">M\u00fcnchner Yacht Club<\/a><\/td>\n<td>&#8211;<\/td>\n<\/tr>\n<tr>\n<td>???<\/td>\n<td>F16 RR<\/td>\n<td>1.2<\/td>\n<td>Ostseepokal<\/td>\n<td>Ostsee, Scharbeutz<\/td>\n<td><a href=\"http:\/\/www.ycso.de\/index.php\/saison\/regatten-und-termine\/ostseepokal\" target=\"_blank\">Ostseepokal &#8211; Yacht Club Scharbeutz<\/a><\/td>\n<td>&#8211;<\/td>\n<\/tr>\n<tr>\n<td>28.05. &#8211; 29.05.2016<\/td>\n<td>F16 RR<\/td>\n<td>1.2<\/td>\n<td>Bodensee Katpokal<\/td>\n<td>Bodensee (Zech)<\/td>\n<td><a href=\"http:\/\/www.raceoffice.org\/event.php?eid=4277225464de0a39909156\" target=\"_blank\">TSG\/Wassersport Zech<\/a><\/td>\n<td><a href=\"https:\/\/wasserschach.de\/wp-content\/uploads\/2016\/06\/2016-Ergebnisse-Katpokal-Bodensee.pdf\" target=\"_blank\">Ergebnisse<\/a><\/td>\n<\/tr>\n<tr>\n<td>11.06. &#8211; 12.06.2016<\/td>\n<td>F16 RR<\/td>\n<td>1.3<\/td>\n<td><strong>F16 IDB<\/strong><\/td>\n<td>Walchensee<\/td>\n<td><a href=\"http:\/\/www.segelfreunde-walchensee.de\/\" target=\"_blank\">Segelfreunde Walchensee<\/a><\/td>\n<td>&#8211;<\/td>\n<\/tr>\n<tr>\n<td>16.07. &#8211; 22.07.2016<\/td>\n<td>F16 RR<\/td>\n<td>1.5<\/td>\n<td><strong>F16 WM<\/strong><\/td>\n<td>Knokke-Heist, BEL<\/td>\n<td><a href=\"http:\/\/www.f16worlds2016.com\/\" target=\"_blank\">WM in Knokke(BEL)<\/a><\/td>\n<td><a href=\"https:\/\/wasserschach.de\/wp-content\/uploads\/2017\/01\/2016-OVERALL-F16-WORLDS.pdf\" target=\"_blank\">Ergebnisse<\/a><\/td>\n<\/tr>\n<tr>\n<td>30.07. &#8211; 07.08.2016<\/td>\n<td>F16 RR<\/td>\n<td>1.2<\/td>\n<td>F16 RR<\/td>\n<td>H\u00f6rnum, Sylt: Langstrecke &#038; Tonnen<\/td>\n<td><a href=\"http:\/\/www.sylter-catamaran-club.de\/index.php\/cat-festival-sylt-mainmenu-117-52571\/725-cat-festival-sylt-2016-92043591\" target=\"_blank\">Sylter Catamaran Club e.V.<\/a><\/td>\n<td>&#8211;<\/td>\n<\/tr>\n<tr>\n<td>???<\/td>\n<td>F16 RR<\/td>\n<td>1.2<\/td>\n<td>Nordlichtpokal<\/td>\n<td>Ostsee, Scharbeutz<\/td>\n<td><a href=\"http:\/\/www.ycso.de\/index.php\/saison\/regatten-und-termine\/nordlichtpokal\" target=\"_blank\">Ostseepokal &#8211; Yacht Club Scharbeutz<\/a><\/td>\n<td>&#8211;<\/td>\n<\/tr>\n<tr>\n<td>24.09. &#8211; 25.09.2016<\/td>\n<td>F16 RR<\/td>\n<td>1.2<\/td>\n<td>Wies&#8217;n Regatta<\/td>\n<td>Ammersee<\/td>\n<td><a href=\"http:\/\/www.scia-ammersee.de\/Seiten\/Sport\/Regatta.html\" target=\"_blank\">SCIA Ammersee<\/a><\/td>\n<td><a href=\"https:\/\/wasserschach.de\/wp-content\/uploads\/2017\/01\/2016-IDB-Ammersee.pdf\" target=\"_blank\">Ergebnisse<\/a><\/td>\n<\/tr>\n<\/tbody>\n<\/table>\n<p>Alle Regatten ausserhalb der Rangliste, aber mit einer eigenen F16-Wertung, d.h. mit mindestens 5 F16-Booten, werden mit dem Faktor 1.1 zur Rangliste gewertet. Die Teilnahme an ausl\u00e4ndischen F16-Meisterschaften wird mit Faktor 1.2 verrechnet.<\/p>\n<p align=\"center\"><strong>Meisterschaften, Ausland<\/strong><\/p>\n<table border=\"1\">\n<tbody>\n<tr>\n<td bgcolor=\"##0080FF\"><strong>Datum<\/strong><\/td>\n<td bgcolor=\"##0080FF\"><strong>Typ<\/strong><\/td>\n<td bgcolor=\"##0080FF\"><strong>Name<\/strong><\/td>\n<td bgcolor=\"##0080FF\"><strong>Ort<\/strong><\/td>\n<td bgcolor=\"##0080FF\"><strong>Link<\/strong><\/td>\n<td bgcolor=\"##0080FF\"><strong>Ergebnisse<\/strong><\/td>\n<\/tr>\n<tr>\n<td14.05. - 16.05.2016td>\n<td>F16<\/td>\n<td>F16 Franz\u00f6sische Meisterschaft<\/td>\n<td>Hy\u00e8res, FRA<\/td>\n<td><a href=\"http:\/\/www.hyeres-tourisme.com\/preparer-votre-venue\/agenda\/842476-championnat-de-france-des-f16\" target=\"_blank\">Yacht Club de Hy\u00e8res<\/a><\/td>\n<td><a href=\"https:\/\/wasserschach.de\/wp-content\/uploads\/2016\/06\/2016-resultats-F16-France.jpg\" target=\"_blank\">Ergebnisse<\/a><\/td>\n<\/tr>\n<tr>\n<td>18.06. &#8211; 19.06.2016<\/td>\n<td>F16<\/td>\n<td>Suisse F16 Nationals<\/td>\n<td>Genfersee, SUI<\/td>\n<td><a href=\"hhttp:\/\/www.nautique.ch\/nautique\/ch\/fr-ch\/index.cfm?contentid=E8EB72C8-2200-0A49-8E7DFB5A98FFB0BC&#038;ident=\/nautique\/home\/home_yachting\" target=\"_blank\">Soci\u00e9t\u00e9 Nautique de Gen\u00e8ve<\/a><\/td>\n<td>&#8211;<\/td>\n<\/tr>\n<tr>\n<td>???<\/td>\n<td>F16<\/td>\n<td>F16 Holl\u00e4ndische Meisterschaft<\/td>\n<td>Hellevoetsluis, NED<\/td>\n<td><a href=\"http:\/\/www.hellecat.nl\/\" target=\"_blank\">Hellecat<\/a><\/td>\n<td>&#8211;<\/td>\n<\/tr>\n<\/tbody>\n<\/table>\n<p>&nbsp;<\/p>\n<p align=\"center\"><strong>Trainings<\/strong><\/p>\n<table border=\"1\">\n<tbody>\n<tr>\n<td bgcolor=\"##0080FF\"><strong>Datum<\/strong><\/td>\n<td bgcolor=\"##0080FF\"><strong>Typ<\/strong><\/td>\n<td bgcolor=\"##0080FF\"><strong>Ort<\/strong><\/td>\n<td bgcolor=\"##0080FF\"><strong>Info<\/strong><\/td>\n<td bgcolor=\"##0080FF\"><strong>Link<\/strong><\/td>\n<\/tr>\n<tr>\n<td>05.04. &#8211; 09.04.2016<\/td>\n<td>F16\/F18<\/td>\n<td>Gardasee, ITA<\/td>\n<td>F16 &#038; F18 Race Clinic mit Mitch Booth<\/td>\n<td><a href=\"http:\/\/stickl.com\/Race_Clinic_Mitch_Booth-1-83.htm\">Stickl Camp<\/a><\/td>\n<\/tr>\n<tr>\n<td>24.05 &#8211; 25.05.2016<\/td>\n<td>F16\/offen<\/td>\n<td>Bodensee, Zech<\/td>\n<td>Einsteiger- &#038; Umsteigertraining mit Christian Sach<\/td>\n<td><a href=\"mailto:info@formula16.de\" target=\"F16\">info@formula16.de<\/a><\/td>\n<\/tr>\n<tr>\n<td>26.05 &#8211; 27.05.2016<\/td>\n<td>F16\/F18\/Nacra17<\/td>\n<td>Bodensee, Zech<\/td>\n<td>High Performance Training mit Helge &amp; Christian Sach<\/td>\n<td><a href=\"mailto:info@formula16.de\" target=\"F16\">info@formula16.de<\/a><\/td>\n<\/tr>\n<\/tbody>\n<\/table>\n<p>&nbsp;<\/p>\n<p><strong><span style=\"color: #ff0000;\">NEU! <\/span><\/strong>Wir wollen die Teilnahme von F16 Booten an Regatten prinzipiell f\u00f6rdern. <strong> Deswegen wird ab diesem Jahr f\u00fcr offene Regatten nach Texel oder SCHRS eine Anrechnung der Gesamtplatzierung zur F16-Rangliste mit dem Faktor 1.0 erfolgen!<\/strong><\/p>\n<p align=\"center\"><strong>Offene Regatten mit F16 Beteiligung<\/strong><\/p>\n<table border=\"1\">\n<tbody>\n<tr>\n<td bgcolor=\"##0080FF\"><strong>Datum<\/strong><\/td>\n<td bgcolor=\"##0080FF\"><strong>Typ<\/strong><\/td>\n<td bgcolor=\"##0080FF\"><strong>Name<\/strong><\/td>\n<td bgcolor=\"##0080FF\"><strong>Ort<\/strong><\/td>\n<td bgcolor=\"##0080FF\"><strong>Link<\/strong><\/td>\n<td bgcolor=\"##0080FF\"><strong>Ergebnisse<\/strong><\/td>\n<\/tr>\n<tr>\n<td>26.03. &#8211; 28.03.2016<\/td>\n<td>offen (Texel)<\/td>\n<td>Vele di Pasqua<\/td>\n<td>Cesenatico (ITA)<\/td>\n<td><a href=\"hhttp:\/\/www.congregavelisti.it\/anno%202016\/Vele%20di%20Pasqua%202015%20page.html\" target=\"_blank\">Congrea Velisti Cesenatico &#8211; CVC<\/a><\/td>\n<td>&#8211;<\/td>\n<\/tr>\n<tr>\n<td>30.04. &#8211; 01.05.2016<\/td>\n<td>offen (Texel)<\/td>\n<td>Katamarangau<\/td>\n<td>Brombachsee<\/td>\n<td><a href=\"http:\/\/www.wsgr.info\/\" target=\"_blank\">WSGR<\/a><\/td>\n<td>&#8211;<\/td>\n<\/tr>\n<tr>\n<td>29.04. &#8211; 01.05.2016<\/td>\n<td>offen, SCHRS<\/td>\n<td>Eurocat<\/td>\n<td>Carnac, Frankreich<\/td>\n<td><a href=\"http:\/\/www.yccarnac.com\/eurocat-2016.html\" target=\"_blank\">Yacht Club Carnac<\/a><\/td>\n<td>&#8211;<\/td>\n<\/tr>\n<tr>\n<td>14.05. &#8211; 15.05.2016<\/td>\n<td>offen, SCHRS<\/td>\n<td>Catweekend<\/td>\n<td>Lago Maggiore, SUI<\/td>\n<td><a href=\"http:\/\/www.ycas.ch\/index.php\/regate\" target=\"_blank\">Yacht Club Ascona<\/a><\/td>\n<td>&#8211;<\/td>\n<\/tr>\n<tr>\n<td>21.05. &#8211; 22.05.2016<\/td>\n<td>offen, Texel<\/td>\n<td>CAT-Cup Altm\u00fchlsee<\/td>\n<td>Altm\u00fchlsee<\/td>\n<td><a href=\"http:\/\/www.atsc1970.de\/index.php?seite=regattakalender\" target=\"_blank\">ATSC 1970 &#8211; Altm\u00fchltal Segelclub 1970<\/a><\/td>\n<td>&#8211;<\/td>\n<\/tr>\n<tr>\n<td>???<\/td>\n<td>offen (Texel)<\/td>\n<td>Bauhaus Nautic-Trophy<\/td>\n<td>Ostsee, Scharbeutz<\/td>\n<td><a href=\"http:\/\/www.ycso.de\/index.php\/saison\/regatten-und-termine\/bauhaus-nautic-trophy\" target=\"_blank\">BHNT &#8211; Yacht Club Scharbeutz<\/a><\/td>\n<td>&#8211;<\/td>\n<\/tr>\n<tr>\n<td>25.06.2016<\/td>\n<td>offen (Texel) &#8211; Langstrecke<\/td>\n<td>Dutch Open &amp; Ronde om Texel<\/td>\n<td>Texel, NED<\/td>\n<td><a href=\"http:\/\/www.roundtexel.com\/en\/\" target=\"_blank\">roundtexel.com<\/a><\/td>\n<td>&#8211;<\/td>\n<\/tr>\n<tr>\n<td>???<\/td>\n<td>offen (Texel) &#8211; Langstrecke<\/td>\n<td>16. Transpannonia<\/td>\n<td>Neusiedler See, AUT<\/td>\n<td><a href=\"http:\/\/www.scpn.at\/regatta\/\" target=\"_blank\">Segelclub Podersdorf Nord<\/a><\/td>\n<td>&#8211;<\/td>\n<\/tr>\n<tr>\n<td>04.06 &#8211; 06.06.2016<\/td>\n<td>offen (SCHRS) &#8211; Langstrecke<\/td>\n<td>Gen\u00e8ve &#8211; Rolle &#8211; Gen\u00e8ve<\/td>\n<td>Genfersee, SUI<\/td>\n<td><a href=\"http:\/\/www.ycg.ch\/geneve-rolle-geneve-2016\/\" target=\"_blank\">Yacht Club de Gen\u00e8ve<\/a><\/td>\n<td>&#8211;<\/td>\n<\/tr>\n<tr>\n<td>10.06. &#8211; 12.06.2016<\/td>\n<td>offen (SCHRS)<\/td>\n<td>Bol d&#8217;or Mirabaud<\/td>\n<td>Genfersee, SUI<\/td>\n<td><a href=\"http:\/\/www.nautique.ch\/nautique\/ch\/fr-ch\/index.cfm?contentid=F6474DB6-2200-0A49-8E7D2130E49DFE5C&#038;ident=\/nautique\/home\/home_cercle\/evenements\" target=\"_blank\">Soci\u00e9t\u00e9 Nautique de Gen\u00e8ve<\/a><\/td>\n<td>&#8211;<\/td>\n<\/tr>\n<tr>\n<td>???<\/td>\n<td>offen (Texel)<\/td>\n<td>SyndiCAT<\/td>\n<td>Ammersee<\/td>\n<td><a href=\"http:\/\/diessner-segel-club.de\/index.php?option=com_content&#038;task=view&#038;id=31&#038;Itemid=53\" target=\"_blank\">Diessener Yacht Club<\/a><\/td>\n<td>&#8211;<\/td>\n<\/tr>\n<tr>\n<td>16.07. &#8211; 17.07.2016<\/td>\n<td>offen (Texel)<\/td>\n<td>Leipzig Cup<\/td>\n<td>Cospudener See<\/td>\n<td><a href=\"http:\/\/www.leipzig-cup.com\/\" target=\"_blank\">CYC<\/a><\/td>\n<td>&#8211;<\/td>\n<\/tr>\n<tr>\n<td>25.06.2016<\/td>\n<td>offen (Texel) &#8211; Langstrecke<\/td>\n<td>Goldenes Band<\/td>\n<td>Neusiedler See, AUT<\/td>\n<td><a href=\"http:\/\/www.ycw.at\/termine-2016\/\">Yachtclub Weiden<\/a><\/td>\n<td>&#8211;<\/td>\n<\/tr>\n<tr>\n<td>20.08. &#8211; 21.08.2016<\/td>\n<td>offen (SCHRS), 2. Tag Langstrecke<\/td>\n<td>48\u00e8me Bol d&#8217;Or<\/td>\n<td>Lac de Joux, SUI<\/td>\n<td><a href=\"http:\/\/www.cnvj.ch\/Pages\/programme.htm\" target=\"_blank\">CNVJ Club Nautique Valee De Joux<\/a><\/td>\n<td>&#8211;<\/td>\n<\/tr>\n<tr>\n<td>tbd<\/td>\n<td>offen (SCHRS), 2. Tag Langstrecke<\/td>\n<td>Duc d&#8217;Albe 2013<\/td>\n<td>Mittelmeer, Hyeres, FRA<\/td>\n<td><a href=\"http:\/\/www.ducdalbe.oxatis.com\/PBCPPlayer.asp?ID=1287455\" target=\"_blank\">Duc d&#8217;Albe<\/a><\/td>\n<td>&#8211;<\/td>\n<\/tr>\n<tr>\n<td>15.09. &#8211; 16.10.2016<\/td>\n<td>offen (Texel) &#8211; 2. Tag Langstrecke<\/td>\n<td>Ronde Tiengementen<\/td>\n<td>Hellevoetsluis, NED<\/td>\n<td><a href=\"http:\/\/www.hellecat.nl\/\" target=\"_blank\">Hellecat<\/a><\/td>\n<td>&#8211;<\/td>\n<\/tr>\n<tr>\n<td>15.10. &#8211; 16.10.2016<\/td>\n<td>offen (Texel)<\/td>\n<td>CAT-Cup5 Brombachsee<\/td>\n<td>Brombachsee<\/td>\n<td><a href=\"http:\/\/www.wsgr.info\/\" target=\"_blank\">WSGR<\/a><\/td>\n<td>&#8211;<\/td>\n<\/tr>\n<tr>\n<td>26.11.2016<\/td>\n<td>offen (Bodensee-YST)<\/td>\n<td>Eiserne<\/td>\n<td>Bodensee, Konstanz<\/td>\n<td><a href=\"http:\/\/www.dsmc.de\/segeln\/eiserne\/\" target=\"_blank\">DSMC<\/a><\/td>\n<td>&#8211;<\/td>\n<\/tr>\n<tr>\n<td><\/td>\n<td><\/td>\n<td><\/td>\n<td><\/td>\n<td><\/td>\n<td><\/td>\n<\/tr>\n<\/tbody>\n<\/table>\n","protected":false},"excerpt":{"rendered":"<p>letzte Aktualisierung: 13.02.2016 Deutsche F16 Rangliste Datum Typ Faktor Name Ort Link Ergebnisse 07.05. &#8211; 08.05.2016 F16 RR 1.2 F18\/F16 Cat-Pokal Starnberger See M\u00fcnchner Yacht Club &#8211; ??? F16 RR 1.2 Ostseepokal Ostsee, Scharbeutz Ostseepokal &#8211; Yacht Club Scharbeutz &#8211; &hellip; <a href=\"https:\/\/wasserschach.de\/?page_id=1190\">Weiterlesen <span class=\"meta-nav\">&rarr;<\/span><\/a><\/p>\n","protected":false},"author":94,"featured_media":0,"parent":0,"menu_order":0,"comment_status":"closed","ping_status":"closed","template":"","meta":{"footnotes":""},"class_list":["post-1190","page","type-page","status-publish","hentry"],"jetpack_sharing_enabled":true,"jetpack_shortlink":"https:\/\/wp.me\/P4dRKc-jc","jetpack_likes_enabled":true,"jetpack-related-posts":[],"_links":{"self":[{"href":"https:\/\/wasserschach.de\/index.php?rest_route=\/wp\/v2\/pages\/1190","targetHints":{"allow":["GET"]}}],"collection":[{"href":"https:\/\/wasserschach.de\/index.php?rest_route=\/wp\/v2\/pages"}],"about":[{"href":"https:\/\/wasserschach.de\/index.php?rest_route=\/wp\/v2\/types\/page"}],"author":[{"embeddable":true,"href":"https:\/\/wasserschach.de\/index.php?rest_route=\/wp\/v2\/users\/94"}],"replies":[{"embeddable":true,"href":"https:\/\/wasserschach.de\/index.php?rest_route=%2Fwp%2Fv2%2Fcomments&post=1190"}],"version-history":[{"count":4,"href":"https:\/\/wasserschach.de\/index.php?rest_route=\/wp\/v2\/pages\/1190\/revisions"}],"predecessor-version":[{"id":1195,"href":"https:\/\/wasserschach.de\/index.php?rest_route=\/wp\/v2\/pages\/1190\/revisions\/1195"}],"wp:attachment":[{"href":"https:\/\/wasserschach.de\/index.php?rest_route=%2Fwp%2Fv2%2Fmedia&parent=1190"}],"curies":[{"name":"wp","href":"https:\/\/api.w.org\/{rel}","templated":true}]}}